{"id":103,"date":"2020-11-05T10:12:39","date_gmt":"2020-11-05T10:12:39","guid":{"rendered":"https:\/\/sunstars.es\/?page_id=103"},"modified":"2025-05-02T08:15:45","modified_gmt":"2025-05-02T08:15:45","slug":"marbella-property-rental-management-agency","status":"publish","type":"page","link":"https:\/\/sunstars.es\/es\/marbella-property-rental-management-agency\/","title":{"rendered":"Sobre nosotros"},"content":{"rendered":"<div data-elementor-type=\"wp-page\" data-elementor-id=\"103\" class=\"elementor elementor-103\" data-elementor-post-type=\"page\">\n\t\t\t\t<div class=\"elementor-element elementor-element-3aad5eb e-flex e-con-boxed e-con e-parent\" data-id=\"3aad5eb\" data-element_type=\"container\" data-e-type=\"container\" data-settings=\"{&quot;background_background&quot;:&quot;classic&quot;}\">\n\t\t\t\t\t<div class=\"e-con-inner\">\n\t\t\t\t<div class=\"elementor-element elementor-element-5efa895 elementor-invisible elementor-widget elementor-widget-heading\" data-id=\"5efa895\" data-element_type=\"widget\" data-e-type=\"widget\" data-settings=\"{&quot;_animation&quot;:&quot;fadeInLeft&quot;}\" data-widget_type=\"heading.default\">\n\t\t\t\t<div class=\"elementor-widget-container\">\n\t\t\t\t\t<h2 class=\"elementor-heading-title elementor-size-default\">Sobre nosotros<\/h2>\t\t\t\t<\/div>\n\t\t\t\t<\/div>\n\t\t\t\t\t<\/div>\n\t\t\t\t<\/div>\n\t\t<div class=\"elementor-element elementor-element-b259c70 e-flex e-con-boxed e-con e-parent\" data-id=\"b259c70\" data-element_type=\"container\" data-e-type=\"container\">\n\t\t\t\t\t<div class=\"e-con-inner\">\n\t\t<div class=\"elementor-element elementor-element-6c85532 e-con-full e-flex e-con e-child\" data-id=\"6c85532\" data-element_type=\"container\" data-e-type=\"container\">\n\t\t\t\t<div class=\"elementor-element elementor-element-c50a9e3 animated-slow elementor-invisible elementor-widget elementor-widget-heading\" data-id=\"c50a9e3\" data-element_type=\"widget\" data-e-type=\"widget\" data-settings=\"{&quot;_animation&quot;:&quot;fadeInLeft&quot;}\" data-widget_type=\"heading.default\">\n\t\t\t\t<div class=\"elementor-widget-container\">\n\t\t\t\t\t<h1 class=\"elementor-heading-title elementor-size-default\">Agencia de Gesti\u00f3n de Alquiler de Propiedades en Marbella \"Sunstars\"<\/h1>\t\t\t\t<\/div>\n\t\t\t\t<\/div>\n\t\t\t\t<div class=\"elementor-element elementor-element-ce5cc2c animated-slow elementor-widget-divider--view-line elementor-invisible elementor-widget elementor-widget-divider\" data-id=\"ce5cc2c\" data-element_type=\"widget\" data-e-type=\"widget\" data-settings=\"{&quot;_animation&quot;:&quot;fadeInLeft&quot;}\" data-widget_type=\"divider.default\">\n\t\t\t\t<div class=\"elementor-widget-container\">\n\t\t\t\t\t\t\t<div class=\"elementor-divider\">\n\t\t\t<span class=\"elementor-divider-separator\">\n\t\t\t\t\t\t<\/span>\n\t\t<\/div>\n\t\t\t\t\t\t<\/div>\n\t\t\t\t<\/div>\n\t\t\t\t<div class=\"elementor-element elementor-element-a685a75 animated-slow elementor-invisible elementor-widget elementor-widget-heading\" data-id=\"a685a75\" data-element_type=\"widget\" data-e-type=\"widget\" data-settings=\"{&quot;_animation&quot;:&quot;fadeInLeft&quot;}\" data-widget_type=\"heading.default\">\n\t\t\t\t<div class=\"elementor-widget-container\">\n\t\t\t\t\t<h2 class=\"elementor-heading-title elementor-size-default\">Bienvenido a <a href=\"https:\/\/sunstars.es\/es\/\" target=\"_blank\">Sunstars<\/a>: Su socio de confianza en el alquiler de propiedades en Marbella<\/h2>\t\t\t\t<\/div>\n\t\t\t\t<\/div>\n\t\t\t\t<div class=\"elementor-element elementor-element-59c5746 animated-slow elementor-invisible elementor-widget elementor-widget-text-editor\" data-id=\"59c5746\" data-element_type=\"widget\" data-e-type=\"widget\" data-settings=\"{&quot;_animation&quot;:&quot;fadeInLeft&quot;}\" data-widget_type=\"text-editor.default\">\n\t\t\t\t<div class=\"elementor-widget-container\">\n\t\t\t\t\t\t\t\t\t<p>En <strong>Sunstars<\/strong> Marbella Property Rental Management Agency, our dedicated team is committed to enhancing your stay or holiday experience in Marbella. With years of collective expertise in property management, we pride ourselves on our deep understanding of both guest needs and property care. Our mission is clear\u2014to make every holiday unforgettable, extraordinary, and memorable.<\/p><p>We set high standards for ourselves, prioritizing exceptional service, professionalism, and efficiency above all else. For us, it\u2019s not just about providing a service\u2014it\u2019s about ensuring every interaction is seamless and every stay is spectacular.<\/p><p>Our commitment is simple yet powerful: our property owners who entrust their homes to us and our guests who enjoy these beautiful residences are always our top priority. Whether you&#8217;re looking to rent out your property or searching for the perfect holiday rental in Marbella, trust us to handle every detail with utmost care and precision.<\/p><p>\u00danase a nosotros en <strong>Sunstars Marbella Agencia de Gesti\u00f3n de Alquileres<\/strong>donde sus sue\u00f1os de vacaciones se hacen realidad, y experimente la cumbre de la gesti\u00f3n de alquileres de lujo.<\/p>\t\t\t\t\t\t\t\t<\/div>\n\t\t\t\t<\/div>\n\t\t\t\t<\/div>\n\t\t<div class=\"elementor-element elementor-element-cdb9ba6 e-con-full e-flex e-con e-child\" data-id=\"cdb9ba6\" data-element_type=\"container\" data-e-type=\"container\">\n\t\t\t\t<div class=\"elementor-element elementor-element-c72c02a elementor-invisible elementor-widget elementor-widget-image\" data-id=\"c72c02a\" data-element_type=\"widget\" data-e-type=\"widget\" data-settings=\"{&quot;_animation&quot;:&quot;fadeInRight&quot;}\" data-widget_type=\"image.default\">\n\t\t\t\t<div class=\"elementor-widget-container\">\n\t\t\t\t\t\t\t\t\t\t\t\t\t\t\t<img loading=\"lazy\" decoding=\"async\" width=\"1037\" height=\"921\" src=\"https:\/\/sunstars.es\/wp-content\/uploads\/2025\/05\/Sunstars-CEO-COO.png\" class=\"attachment-full size-full wp-image-2271\" alt=\"\" srcset=\"https:\/\/sunstars.es\/wp-content\/uploads\/2025\/05\/Sunstars-CEO-COO.png 1037w, https:\/\/sunstars.es\/wp-content\/uploads\/2025\/05\/Sunstars-CEO-COO-300x266.png 300w, https:\/\/sunstars.es\/wp-content\/uploads\/2025\/05\/Sunstars-CEO-COO-1024x909.png 1024w, https:\/\/sunstars.es\/wp-content\/uploads\/2025\/05\/Sunstars-CEO-COO-768x682.png 768w, https:\/\/sunstars.es\/wp-content\/uploads\/2025\/05\/Sunstars-CEO-COO-14x12.png 14w\" sizes=\"auto, (max-width: 1037px) 100vw, 1037px\" \/>\t\t\t\t\t\t\t\t\t\t\t\t\t\t\t<\/div>\n\t\t\t\t<\/div>\n\t\t\t\t<\/div>\n\t\t\t\t\t<\/div>\n\t\t\t\t<\/div>\n\t\t<div class=\"elementor-element elementor-element-f73a149 e-flex e-con-boxed e-con e-parent\" data-id=\"f73a149\" data-element_type=\"container\" data-e-type=\"container\">\n\t\t\t\t\t<div class=\"e-con-inner\">\n\t\t<div class=\"elementor-element elementor-element-79ec55a e-con-full e-flex e-con e-child\" data-id=\"79ec55a\" data-element_type=\"container\" data-e-type=\"container\">\n\t\t\t\t<div class=\"elementor-element elementor-element-fa8c56e elementor-invisible elementor-widget elementor-widget-image\" data-id=\"fa8c56e\" data-element_type=\"widget\" data-e-type=\"widget\" data-settings=\"{&quot;_animation&quot;:&quot;fadeInLeft&quot;}\" data-widget_type=\"image.default\">\n\t\t\t\t<div class=\"elementor-widget-container\">\n\t\t\t\t\t\t\t\t\t\t\t\t\t\t\t<img loading=\"lazy\" decoding=\"async\" width=\"851\" height=\"1275\" src=\"https:\/\/sunstars.es\/wp-content\/uploads\/2025\/05\/Ulrika-Hutlgren.png\" class=\"attachment-full size-full wp-image-2286\" alt=\"\" srcset=\"https:\/\/sunstars.es\/wp-content\/uploads\/2025\/05\/Ulrika-Hutlgren.png 851w, https:\/\/sunstars.es\/wp-content\/uploads\/2025\/05\/Ulrika-Hutlgren-200x300.png 200w, https:\/\/sunstars.es\/wp-content\/uploads\/2025\/05\/Ulrika-Hutlgren-683x1024.png 683w, https:\/\/sunstars.es\/wp-content\/uploads\/2025\/05\/Ulrika-Hutlgren-768x1151.png 768w, https:\/\/sunstars.es\/wp-content\/uploads\/2025\/05\/Ulrika-Hutlgren-8x12.png 8w\" sizes=\"auto, (max-width: 851px) 100vw, 851px\" \/>\t\t\t\t\t\t\t\t\t\t\t\t\t\t\t<\/div>\n\t\t\t\t<\/div>\n\t\t\t\t<\/div>\n\t\t<div class=\"elementor-element elementor-element-142a1f2 e-con-full e-flex e-con e-child\" data-id=\"142a1f2\" data-element_type=\"container\" data-e-type=\"container\">\n\t\t\t\t<div class=\"elementor-element elementor-element-f30bd43 animated-slow elementor-invisible elementor-widget elementor-widget-heading\" data-id=\"f30bd43\" data-element_type=\"widget\" data-e-type=\"widget\" data-settings=\"{&quot;_animation&quot;:&quot;fadeInRight&quot;}\" data-widget_type=\"heading.default\">\n\t\t\t\t<div class=\"elementor-widget-container\">\n\t\t\t\t\t<h2 class=\"elementor-heading-title elementor-size-default\">Ulrika Hultgren - Creadora\/CEO<\/h2>\t\t\t\t<\/div>\n\t\t\t\t<\/div>\n\t\t\t\t<div class=\"elementor-element elementor-element-625f9b0 animated-slow elementor-widget-divider--view-line elementor-invisible elementor-widget elementor-widget-divider\" data-id=\"625f9b0\" data-element_type=\"widget\" data-e-type=\"widget\" data-settings=\"{&quot;_animation&quot;:&quot;fadeInRight&quot;}\" data-widget_type=\"divider.default\">\n\t\t\t\t<div class=\"elementor-widget-container\">\n\t\t\t\t\t\t\t<div class=\"elementor-divider\">\n\t\t\t<span class=\"elementor-divider-separator\">\n\t\t\t\t\t\t<\/span>\n\t\t<\/div>\n\t\t\t\t\t\t<\/div>\n\t\t\t\t<\/div>\n\t\t\t\t<div class=\"elementor-element elementor-element-0a355d3 animated-slow elementor-invisible elementor-widget elementor-widget-heading\" data-id=\"0a355d3\" data-element_type=\"widget\" data-e-type=\"widget\" data-settings=\"{&quot;_animation&quot;:&quot;fadeInRight&quot;}\" data-widget_type=\"heading.default\">\n\t\t\t\t<div class=\"elementor-widget-container\">\n\t\t\t\t\t<h2 class=\"elementor-heading-title elementor-size-default\">Mi equipo y yo esperamos proporcionarle la mejor de las experiencias!<\/h2>\t\t\t\t<\/div>\n\t\t\t\t<\/div>\n\t\t\t\t<div class=\"elementor-element elementor-element-44d9e25 animated-slow elementor-invisible elementor-widget elementor-widget-text-editor\" data-id=\"44d9e25\" data-element_type=\"widget\" data-e-type=\"widget\" data-settings=\"{&quot;_animation&quot;:&quot;fadeInRight&quot;}\" data-widget_type=\"text-editor.default\">\n\t\t\t\t<div class=\"elementor-widget-container\">\n\t\t\t\t\t\t\t\t\t<p>Soy una empresaria apasionada con muchos a\u00f1os de experiencia en hosteler\u00eda. Vivir en el extranjero siempre ha sido una parte importante de mi vida y he tenido el privilegio de trabajar tanto en Ucrania como en Suiza. Viajar por todo el mundo y descubrir nuevas culturas es algo que me encanta hacer y que he hecho toda mi vida.<\/p><p>Hoy tengo el honor de ser Consejero Delegado de Sunstars. Mis d\u00edas est\u00e1n llenos de reuniones con propietarios nuevos y existentes. Obtener reconocimiento sobre nuestro servicio y ver c\u00f3mo podemos ayudar es realmente satisfactorio.<\/p><p>Estoy seguro de que Sunstars ser\u00e1 en un futuro pr\u00f3ximo el l\u00edder del mercado en nuestro segmento de negocio en Marbella.<\/p>\t\t\t\t\t\t\t\t<\/div>\n\t\t\t\t<\/div>\n\t\t\t\t<div class=\"elementor-element elementor-element-07666c9 elementor-icon-list--layout-inline animated-slow elementor-mobile-align-center elementor-list-item-link-full_width elementor-invisible elementor-widget elementor-widget-icon-list\" data-id=\"07666c9\" data-element_type=\"widget\" data-e-type=\"widget\" data-settings=\"{&quot;_animation&quot;:&quot;fadeInRight&quot;}\" data-widget_type=\"icon-list.default\">\n\t\t\t\t<div class=\"elementor-widget-container\">\n\t\t\t\t\t\t\t<ul class=\"elementor-icon-list-items elementor-inline-items\">\n\t\t\t\t\t\t\t<li class=\"elementor-icon-list-item elementor-inline-item\">\n\t\t\t\t\t\t\t\t\t\t\t<a href=\"mailto:ulrika@sunstars.es\">\n\n\t\t\t\t\t\t\t\t\t\t\t\t<span class=\"elementor-icon-list-icon\">\n\t\t\t\t\t\t\t<i aria-hidden=\"true\" class=\"fas fa-envelope\"><\/i>\t\t\t\t\t\t<\/span>\n\t\t\t\t\t\t\t\t\t\t<span class=\"elementor-icon-list-text\">ulrika@sunstars.es<\/span>\n\t\t\t\t\t\t\t\t\t\t\t<\/a>\n\t\t\t\t\t\t\t\t\t<\/li>\n\t\t\t\t\t\t<\/ul>\n\t\t\t\t\t\t<\/div>\n\t\t\t\t<\/div>\n\t\t\t\t<\/div>\n\t\t\t\t\t<\/div>\n\t\t\t\t<\/div>\n\t\t<div class=\"elementor-element elementor-element-6832752 e-flex e-con-boxed e-con e-parent\" data-id=\"6832752\" data-element_type=\"container\" data-e-type=\"container\">\n\t\t\t\t\t<div class=\"e-con-inner\">\n\t\t<div class=\"elementor-element elementor-element-ffef9db e-con-full e-flex e-con e-child\" data-id=\"ffef9db\" data-element_type=\"container\" data-e-type=\"container\">\n\t\t\t\t<div class=\"elementor-element elementor-element-d6451a8 animated-slow elementor-invisible elementor-widget elementor-widget-heading\" data-id=\"d6451a8\" data-element_type=\"widget\" data-e-type=\"widget\" data-settings=\"{&quot;_animation&quot;:&quot;fadeInLeft&quot;}\" data-widget_type=\"heading.default\">\n\t\t\t\t<div class=\"elementor-widget-container\">\n\t\t\t\t\t<h2 class=\"elementor-heading-title elementor-size-default\">Tilla Andersson - Directora de Operaciones<\/h2>\t\t\t\t<\/div>\n\t\t\t\t<\/div>\n\t\t\t\t<div class=\"elementor-element elementor-element-e890d18 animated-slow elementor-widget-divider--view-line elementor-invisible elementor-widget elementor-widget-divider\" data-id=\"e890d18\" data-element_type=\"widget\" data-e-type=\"widget\" data-settings=\"{&quot;_animation&quot;:&quot;fadeInLeft&quot;}\" data-widget_type=\"divider.default\">\n\t\t\t\t<div class=\"elementor-widget-container\">\n\t\t\t\t\t\t\t<div class=\"elementor-divider\">\n\t\t\t<span class=\"elementor-divider-separator\">\n\t\t\t\t\t\t<\/span>\n\t\t<\/div>\n\t\t\t\t\t\t<\/div>\n\t\t\t\t<\/div>\n\t\t\t\t<div class=\"elementor-element elementor-element-f705a19 animated-slow elementor-invisible elementor-widget elementor-widget-heading\" data-id=\"f705a19\" data-element_type=\"widget\" data-e-type=\"widget\" data-settings=\"{&quot;_animation&quot;:&quot;fadeInLeft&quot;}\" data-widget_type=\"heading.default\">\n\t\t\t\t<div class=\"elementor-widget-container\">\n\t\t\t\t\t<h2 class=\"elementor-heading-title elementor-size-default\">Organizaci\u00f3n y eficiencia al m\u00e1s alto nivel<\/h2>\t\t\t\t<\/div>\n\t\t\t\t<\/div>\n\t\t\t\t<div class=\"elementor-element elementor-element-ea5a85e animated-slow elementor-invisible elementor-widget elementor-widget-text-editor\" data-id=\"ea5a85e\" data-element_type=\"widget\" data-e-type=\"widget\" data-settings=\"{&quot;_animation&quot;:&quot;fadeInLeft&quot;}\" data-widget_type=\"text-editor.default\">\n\t\t\t\t<div class=\"elementor-widget-container\">\n\t\t\t\t\t\t\t\t\t<p>Mi pasi\u00f3n es tener al cliente en el punto de mira ofreciendo el mejor servicio y entendiendo las necesidades de las diferentes culturas. El estilo de vida internacional combinado con el fant\u00e1stico clima y la rica cultura hacen de Marbella el lugar perfecto para vivir y trabajar.<\/p><p>En Sunstars, en mi puesto de Directora Financiera, puedo combinar mi amor por el detalle y el est\u00e1ndar de eficiencia al tiempo que ofrezco un servicio excepcional a nuestros propietarios y hu\u00e9spedes. Me encantan los nuevos retos que ofrece nuestro trabajo y siempre estoy dispuesta a aprender y dar lo mejor de m\u00ed misma.<\/p>\t\t\t\t\t\t\t\t<\/div>\n\t\t\t\t<\/div>\n\t\t\t\t<div class=\"elementor-element elementor-element-756e8ed elementor-icon-list--layout-inline animated-slow elementor-mobile-align-center elementor-list-item-link-full_width elementor-invisible elementor-widget elementor-widget-icon-list\" data-id=\"756e8ed\" data-element_type=\"widget\" data-e-type=\"widget\" data-settings=\"{&quot;_animation&quot;:&quot;fadeInLeft&quot;}\" data-widget_type=\"icon-list.default\">\n\t\t\t\t<div class=\"elementor-widget-container\">\n\t\t\t\t\t\t\t<ul class=\"elementor-icon-list-items elementor-inline-items\">\n\t\t\t\t\t\t\t<li class=\"elementor-icon-list-item elementor-inline-item\">\n\t\t\t\t\t\t\t\t\t\t\t<a href=\"tel:+34%20617%2075%2022%2001\">\n\n\t\t\t\t\t\t\t\t\t\t\t\t<span class=\"elementor-icon-list-icon\">\n\t\t\t\t\t\t\t<i aria-hidden=\"true\" class=\"fas fa-phone\"><\/i>\t\t\t\t\t\t<\/span>\n\t\t\t\t\t\t\t\t\t\t<span class=\"elementor-icon-list-text\">+34 617 75 22 01<\/span>\n\t\t\t\t\t\t\t\t\t\t\t<\/a>\n\t\t\t\t\t\t\t\t\t<\/li>\n\t\t\t\t\t\t\t\t<li class=\"elementor-icon-list-item elementor-inline-item\">\n\t\t\t\t\t\t\t\t\t\t\t<a href=\"mailto:Tilla@sunstars.es\">\n\n\t\t\t\t\t\t\t\t\t\t\t\t<span class=\"elementor-icon-list-icon\">\n\t\t\t\t\t\t\t<i aria-hidden=\"true\" class=\"fas fa-envelope\"><\/i>\t\t\t\t\t\t<\/span>\n\t\t\t\t\t\t\t\t\t\t<span class=\"elementor-icon-list-text\">Tilla@sunstars.es<\/span>\n\t\t\t\t\t\t\t\t\t\t\t<\/a>\n\t\t\t\t\t\t\t\t\t<\/li>\n\t\t\t\t\t\t<\/ul>\n\t\t\t\t\t\t<\/div>\n\t\t\t\t<\/div>\n\t\t\t\t<\/div>\n\t\t<div class=\"elementor-element elementor-element-9836343 e-con-full e-flex e-con e-child\" data-id=\"9836343\" data-element_type=\"container\" data-e-type=\"container\">\n\t\t\t\t<div class=\"elementor-element elementor-element-d0a580d elementor-invisible elementor-widget elementor-widget-image\" data-id=\"d0a580d\" data-element_type=\"widget\" data-e-type=\"widget\" data-settings=\"{&quot;_animation&quot;:&quot;fadeInRight&quot;}\" data-widget_type=\"image.default\">\n\t\t\t\t<div class=\"elementor-widget-container\">\n\t\t\t\t\t\t\t\t\t\t\t\t\t\t\t<img loading=\"lazy\" decoding=\"async\" width=\"841\" height=\"1270\" src=\"https:\/\/sunstars.es\/wp-content\/uploads\/2025\/05\/Tilla-Andersen.png\" class=\"attachment-full size-full wp-image-2285\" alt=\"\" srcset=\"https:\/\/sunstars.es\/wp-content\/uploads\/2025\/05\/Tilla-Andersen.png 841w, https:\/\/sunstars.es\/wp-content\/uploads\/2025\/05\/Tilla-Andersen-199x300.png 199w, https:\/\/sunstars.es\/wp-content\/uploads\/2025\/05\/Tilla-Andersen-678x1024.png 678w, https:\/\/sunstars.es\/wp-content\/uploads\/2025\/05\/Tilla-Andersen-768x1160.png 768w, https:\/\/sunstars.es\/wp-content\/uploads\/2025\/05\/Tilla-Andersen-8x12.png 8w\" sizes=\"auto, (max-width: 841px) 100vw, 841px\" \/>\t\t\t\t\t\t\t\t\t\t\t\t\t\t\t<\/div>\n\t\t\t\t<\/div>\n\t\t\t\t<\/div>\n\t\t\t\t\t<\/div>\n\t\t\t\t<\/div>\n\t\t<div class=\"elementor-element elementor-element-6a2cfc9 e-flex e-con-boxed e-con e-parent\" data-id=\"6a2cfc9\" data-element_type=\"container\" data-e-type=\"container\">\n\t\t\t\t\t<div class=\"e-con-inner\">\n\t\t\t\t<div class=\"elementor-element elementor-element-ece24b6 elementor-widget-divider--view-line elementor-widget elementor-widget-divider\" data-id=\"ece24b6\" data-element_type=\"widget\" data-e-type=\"widget\" data-widget_type=\"divider.default\">\n\t\t\t\t<div class=\"elementor-widget-container\">\n\t\t\t\t\t\t\t<div class=\"elementor-divider\">\n\t\t\t<span class=\"elementor-divider-separator\">\n\t\t\t\t\t\t<\/span>\n\t\t<\/div>\n\t\t\t\t\t\t<\/div>\n\t\t\t\t<\/div>\n\t\t\t\t\t<\/div>\n\t\t\t\t<\/div>\n\t\t<div class=\"elementor-element elementor-element-a69d0b0 e-flex e-con-boxed e-con e-parent\" data-id=\"a69d0b0\" data-element_type=\"container\" data-e-type=\"container\">\n\t\t\t\t\t<div class=\"e-con-inner\">\n\t\t<div class=\"elementor-element elementor-element-c06e266 e-con-full e-flex e-con e-child\" data-id=\"c06e266\" data-element_type=\"container\" data-e-type=\"container\">\n\t\t\t\t<div class=\"elementor-element elementor-element-9412748 elementor-widget elementor-widget-text-editor\" data-id=\"9412748\" data-element_type=\"widget\" data-e-type=\"widget\" data-widget_type=\"text-editor.default\">\n\t\t\t\t<div class=\"elementor-widget-container\">\n\t\t\t\t\t\t\t\t\t<h5><strong>Maximize Your Property&#8217;s Returns with Sunstars<\/strong><\/h5>\t\t\t\t\t\t\t\t<\/div>\n\t\t\t\t<\/div>\n\t\t\t\t<\/div>\n\t\t\t\t\t<\/div>\n\t\t\t\t<\/div>\n\t\t<div class=\"elementor-element elementor-element-a8c88a2 e-flex e-con-boxed e-con e-parent\" data-id=\"a8c88a2\" data-element_type=\"container\" data-e-type=\"container\">\n\t\t\t\t\t<div class=\"e-con-inner\">\n\t\t<div class=\"elementor-element elementor-element-4cac4ad e-con-full e-flex e-con e-child\" data-id=\"4cac4ad\" data-element_type=\"container\" data-e-type=\"container\">\n\t\t\t\t<div class=\"elementor-element elementor-element-33330bf elementor-widget elementor-widget-text-editor\" data-id=\"33330bf\" data-element_type=\"widget\" data-e-type=\"widget\" data-widget_type=\"text-editor.default\">\n\t\t\t\t<div class=\"elementor-widget-container\">\n\t\t\t\t\t\t\t\t\t<p>At Sunstars, we don\u2019t just manage properties; we enhance them. Our strategic approach involves customized marketing plans that target the right audience, ensuring that your property not only attracts quality tenants but also commands premium rental rates. We utilize cutting-edge digital marketing techniques and a robust online presence to keep your property at the forefront of the Marbella real estate market.<\/p><p>Nuestro compromiso va m\u00e1s all\u00e1 de la gesti\u00f3n inmobiliaria est\u00e1ndar. Ofrecemos un apoyo integral que incluye asesoramiento jur\u00eddico, gesti\u00f3n financiera y revisiones peri\u00f3dicas de mantenimiento, garantizando que todos los aspectos de su propiedad est\u00e9n impecables y al d\u00eda. Este enfoque hol\u00edstico no s\u00f3lo preserva el valor de su inversi\u00f3n, sino que lo mejora con el tiempo.<\/p><p><strong>Apoyo dedicado en cada paso del camino<\/strong><\/p><p>Our team at Sunstars understands that your property is a significant asset, and managing it can be demanding. That\u2019s why we offer dedicated support throughout the entire rental process. From tenant screening to lease management and everything in between, we handle the details so you can focus on the bigger picture. Our transparent communication ensures you are informed and in control, with regular updates and accessible reports on the performance of your property.<\/p><p><strong>Join Sunstars and experience unparalleled property management services that ensure your peace of mind and the optimal profitability of your investment. We&#8217;re not just your property managers; we&#8217;re your partners in success.<\/strong><\/p>\t\t\t\t\t\t\t\t<\/div>\n\t\t\t\t<\/div>\n\t\t\t\t<\/div>\n\t\t\t\t\t<\/div>\n\t\t\t\t<\/div>\n\t\t\t\t<\/div>","protected":false},"excerpt":{"rendered":"<p>About Us Marbella Property Rental Management Agency &#8220;Sunstars&#8221; Welcome to Sunstars: Your Trusted Partner in Marbella Property Rentals At Sunstars Marbella Property Rental Management Agency, our dedicated team is committed to enhancing your stay or holiday experience in Marbella. With years of collective expertise in property management, we pride ourselves on our deep understanding of [&hellip;]<\/p>\n","protected":false},"author":1,"featured_media":2162,"parent":0,"menu_order":4,"comment_status":"closed","ping_status":"closed","template":"","meta":{"footnotes":"","_links_to":"","_links_to_target":""},"class_list":["post-103","page","type-page","status-publish","has-post-thumbnail","hentry"],"_links":{"self":[{"href":"https:\/\/sunstars.es\/es\/wp-json\/wp\/v2\/pages\/103","targetHints":{"allow":["GET"]}}],"collection":[{"href":"https:\/\/sunstars.es\/es\/wp-json\/wp\/v2\/pages"}],"about":[{"href":"https:\/\/sunstars.es\/es\/wp-json\/wp\/v2\/types\/page"}],"author":[{"embeddable":true,"href":"https:\/\/sunstars.es\/es\/wp-json\/wp\/v2\/users\/1"}],"replies":[{"embeddable":true,"href":"https:\/\/sunstars.es\/es\/wp-json\/wp\/v2\/comments?post=103"}],"version-history":[{"count":52,"href":"https:\/\/sunstars.es\/es\/wp-json\/wp\/v2\/pages\/103\/revisions"}],"predecessor-version":[{"id":2289,"href":"https:\/\/sunstars.es\/es\/wp-json\/wp\/v2\/pages\/103\/revisions\/2289"}],"wp:featuredmedia":[{"embeddable":true,"href":"https:\/\/sunstars.es\/es\/wp-json\/wp\/v2\/media\/2162"}],"wp:attachment":[{"href":"https:\/\/sunstars.es\/es\/wp-json\/wp\/v2\/media?parent=103"}],"curies":[{"name":"wp","href":"https:\/\/api.w.org\/{rel}","templated":true}]}}