{"id":1847,"date":"2024-06-16T19:43:32","date_gmt":"2024-06-16T19:43:32","guid":{"rendered":"https:\/\/sunstars.es\/?page_id=1847"},"modified":"2024-07-10T10:49:53","modified_gmt":"2024-07-10T10:49:53","slug":"restaurants","status":"publish","type":"page","link":"https:\/\/sunstars.es\/sv\/restaurants\/","title":{"rendered":"Restauranger"},"content":{"rendered":"<div data-elementor-type=\"wp-page\" data-elementor-id=\"1847\" class=\"elementor elementor-1847\" data-elementor-post-type=\"page\">\n\t\t\t\t<div class=\"elementor-element elementor-element-c2ac51b e-flex e-con-boxed e-con e-parent\" data-id=\"c2ac51b\" data-element_type=\"container\" data-e-type=\"container\">\n\t\t\t\t\t<div class=\"e-con-inner\">\n\t\t\t\t\t<\/div>\n\t\t\t\t<\/div>\n\t\t<div class=\"elementor-element elementor-element-ddfc9b3 e-con-full e-flex e-con e-parent\" data-id=\"ddfc9b3\" data-element_type=\"container\" data-e-type=\"container\">\n\t\t<div class=\"elementor-element elementor-element-bb287a8 e-con-full e-flex e-con e-child\" data-id=\"bb287a8\" data-element_type=\"container\" data-e-type=\"container\">\n\t\t\t\t<div class=\"elementor-element elementor-element-847943d elementor-widget elementor-widget-image\" data-id=\"847943d\" data-element_type=\"widget\" data-e-type=\"widget\" data-widget_type=\"image.default\">\n\t\t\t\t<div class=\"elementor-widget-container\">\n\t\t\t\t\t\t\t\t\t\t\t\t\t\t\t<img loading=\"lazy\" decoding=\"async\" width=\"1286\" height=\"578\" src=\"https:\/\/sunstars.es\/wp-content\/uploads\/2024\/07\/the-best-restaurants-in-Marbella-and-surrounding.png\" class=\"attachment-full size-full wp-image-2039\" alt=\"The best restaurants in Marbella and surrounding\" srcset=\"https:\/\/sunstars.es\/wp-content\/uploads\/2024\/07\/the-best-restaurants-in-Marbella-and-surrounding.png 1286w, https:\/\/sunstars.es\/wp-content\/uploads\/2024\/07\/the-best-restaurants-in-Marbella-and-surrounding-300x135.png 300w, https:\/\/sunstars.es\/wp-content\/uploads\/2024\/07\/the-best-restaurants-in-Marbella-and-surrounding-1024x460.png 1024w, https:\/\/sunstars.es\/wp-content\/uploads\/2024\/07\/the-best-restaurants-in-Marbella-and-surrounding-768x345.png 768w, https:\/\/sunstars.es\/wp-content\/uploads\/2024\/07\/the-best-restaurants-in-Marbella-and-surrounding-18x8.png 18w\" sizes=\"auto, (max-width: 1286px) 100vw, 1286px\" \/>\t\t\t\t\t\t\t\t\t\t\t\t\t\t\t<\/div>\n\t\t\t\t<\/div>\n\t\t\t\t<\/div>\n\t\t\t\t<\/div>\n\t\t<div class=\"elementor-element elementor-element-bc46a79 e-flex e-con-boxed e-con e-parent\" data-id=\"bc46a79\" data-element_type=\"container\" data-e-type=\"container\">\n\t\t\t\t\t<div class=\"e-con-inner\">\n\t\t<div class=\"elementor-element elementor-element-45ab915 e-flex e-con-boxed e-con e-child\" data-id=\"45ab915\" data-element_type=\"container\" data-e-type=\"container\">\n\t\t\t\t\t<div class=\"e-con-inner\">\n\t\t\t\t<div class=\"elementor-element elementor-element-6466bb6 elementor-widget elementor-widget-heading\" data-id=\"6466bb6\" data-element_type=\"widget\" data-e-type=\"widget\" data-widget_type=\"heading.default\">\n\t\t\t\t<div class=\"elementor-widget-container\">\n\t\t\t\t\t<h2 class=\"elementor-heading-title elementor-size-default\">12 restauranger som m\u00e5ste provas i Marbella<\/h2>\t\t\t\t<\/div>\n\t\t\t\t<\/div>\n\t\t\t\t<div class=\"elementor-element elementor-element-a6e983f elementor-widget elementor-widget-text-editor\" data-id=\"a6e983f\" data-element_type=\"widget\" data-e-type=\"widget\" data-widget_type=\"text-editor.default\">\n\t\t\t\t<div class=\"elementor-widget-container\">\n\t\t\t\t\t\t\t\t\t<p>Marbella \u00e4r ett paradis f\u00f6r kulinariska entusiaster och lockar bes\u00f6kare som \u00e4r angel\u00e4gna om att prova de finaste lokala r\u00e5varorna, autentiska spanska k\u00f6ket och uts\u00f6kta middagar p\u00e5 restauranger med Michelinstj\u00e4rnor. Marbella erbjuder allt f\u00f6r den kr\u00e4sne mat\u00e4lskaren.<\/p><p>Embark on a culinary journey through Marbella&#8217;s top fine dining establishments. The area boasts an impressive array of restaurants, showcasing diverse cuisines and unique dining experiences.<\/p><p>Marbella, a popular tourist destination in Spain, is home to over 1,300 restaurants. These eateries range from local tapas bars to high-end dining establishments, offering a diverse array of cuisines and dining experiences. Marbella&#8217;s restaurant scene includes trendy beach clubs like Amare Beach, luxury spots such as Punto Romano, and charming bistros like Casanis in the Old Town, ensuring a variety of options for both locals and visitors\u200b.<\/p><p>H\u00e4r \u00e4r n\u00e5gra av de b\u00e4sta beroende p\u00e5 din specialitet och milj\u00f6n.<\/p>\t\t\t\t\t\t\t\t<\/div>\n\t\t\t\t<\/div>\n\t\t\t\t\t<\/div>\n\t\t\t\t<\/div>\n\t\t\t\t\t<\/div>\n\t\t\t\t<\/div>\n\t\t<div class=\"elementor-element elementor-element-58e60cc e-flex e-con-boxed e-con e-parent\" data-id=\"58e60cc\" data-element_type=\"container\" data-e-type=\"container\">\n\t\t\t\t\t<div class=\"e-con-inner\">\n\t\t<div class=\"elementor-element elementor-element-42c370d e-flex e-con-boxed e-con e-child\" data-id=\"42c370d\" data-element_type=\"container\" data-e-type=\"container\">\n\t\t\t\t\t<div class=\"e-con-inner\">\n\t\t\t\t<div class=\"elementor-element elementor-element-3c62d3b elementor-widget elementor-widget-html\" data-id=\"3c62d3b\" data-element_type=\"widget\" data-e-type=\"widget\" data-widget_type=\"html.default\">\n\t\t\t\t<div class=\"elementor-widget-container\">\n\t\t\t\t\t<style>\n  .booking-message {\n    font-family: 'Kodchasan', sans-serif;\n  }\n<\/style>\n\n<div class=\"booking-message\">\n  Om du vill kan vi boka \u00e5t dig. <a href=\"https:\/\/sunstars.es\/sv\/services\/for-our-guests\/\" target=\"_blank\">Klicka h\u00e4r<\/a>.\n<\/div>\n\t\t\t\t<\/div>\n\t\t\t\t<\/div>\n\t\t\t\t<div class=\"elementor-element elementor-element-d448315 elementor-widget elementor-widget-html\" data-id=\"d448315\" data-element_type=\"widget\" data-e-type=\"widget\" data-widget_type=\"html.default\">\n\t\t\t\t<div class=\"elementor-widget-container\">\n\t\t\t\t\t\n<style>\n  body {\n    font-family: 'Kodchasan', sans-serif;\n  }\n  .restaurant {\n    margin-bottom: 20px;\n  }\n  .restaurant img {\n    width: 100%;\n    height: auto;\n  }\n<\/style>\n\n<div class=\"restaurant\">\n  <h3 style=\"color: black;\">\n    <a href=\"https:\/\/www.nomadmarbella.es\" target=\"_blank\">Nomad Restaurant & Lounge<\/a>\n  <\/h3>\n  <p>\n    Located in Nueva Andaluc\u00eda, Nomad offers a globally inspired menu paired with an exceptional wine selection. The restaurant features live dinner shows and a vibrant lounge atmosphere, perfect for an unforgettable night out. Whether you're in the mood for an intimate dinner or a lively evening with friends, Nomad has something to offer.\n    <br>\n    For more information \u27a1\ufe0f <b><a href=\"https:\/\/www.nomadmarbella.es\" target=\"_blank\">Klicka h\u00e4r!<\/a><\/b>\n  <\/p>\n<\/div>\n\n<div class=\"restaurant\">\n  <h3 style=\"color: black;\">\n    <a href=\"https:\/\/www.puenteromano.com\" target=\"_blank\">Sea Grill p\u00e5 Puente Romano Beach Resort<\/a>\n  <\/h3>\n  <p>\n    Sea Grill \u00e4r k\u00e4nt f\u00f6r sitt medelhavsk\u00f6k och serverar f\u00e4rsk fisk och skaldjur samt spansk paella tillagad \u00f6ver kol och eld. Det \u00f6ppna k\u00f6ket och l\u00e4get vid stranden f\u00f6rh\u00f6jer matupplevelsen.\n    <br>\n    For more information \u27a1\ufe0f <b><a href=\"https:\/\/www.puenteromano.com\" target=\"_blank\">Klicka h\u00e4r!<\/a><\/b>\n  <\/p>\n<\/div>\n\n<div class=\"restaurant\">\n  <h3 style=\"color: black;\">\n    <a href=\"https:\/\/lasalabanus.com\" target=\"_blank\">La Sala<\/a>\n  <\/h3>\n  <p>\n    A popular spot for both locals and celebrities, La Sala offers a wide variety of international dishes along with live music every day of the week. It\u2019s located in Puerto Ban\u00fas and is known for its lively atmosphere.\n    <br>\n    For more information \u27a1\ufe0f <b><a href=\"https:\/\/lasalabanus.com\" target=\"_blank\">Klicka h\u00e4r!<\/a><\/b>\n  <\/p>\n<\/div>\n\n<div class=\"restaurant\">\n  <h3 style=\"color: black;\">\n    <a href=\"https:\/\/theharbourmarbella.com\" target=\"_blank\">The Harbour Bar & Restaurant<\/a>\n  <\/h3>\n  <p>\n    Denna restaurang ligger i Marbellas hamn och specialiserar sig p\u00e5 f\u00e4rsk fisk och skaldjur, inklusive bl\u00e4ckfisk och hummer. Med fantastisk utsikt \u00f6ver Medelhavet \u00e4r det ett f\u00f6rstahandsval f\u00f6r fisk- och skaldjurs\u00e4lskare.\n    <br>\n    For more information \u27a1\ufe0f <b><a href=\"https:\/\/theharbourmarbella.com\" target=\"_blank\">Klicka h\u00e4r!<\/a><\/b>\n  <\/p>\n<\/div>\n\n<div class=\"restaurant\">\n  <h3 style=\"color: black;\">\n    <a href=\"https:\/\/www.facebook.com\/thefirepitrodizio\" target=\"_blank\">Eldstaden Rodizio<\/a>\n  <\/h3>\n  <p>\n    Located in Elviria, The Firepit Rodizio offers a variety of barbecue dishes, from chicken to steak, inspired by Portuguese cuisine. It\u2019s a great place for meat enthusiasts.\n    <br>\n    For more information \u27a1\ufe0f <b><a href=\"https:\/\/www.facebook.com\/thefirepitrodizio\" target=\"_blank\">Klicka h\u00e4r!<\/a><\/b>\n  <\/p>\n<\/div>\n\n<div class=\"restaurant\">\n  <h3 style=\"color: black;\">\n    <a href=\"https:\/\/www.kavamarbella.com\" target=\"_blank\">KAVA<\/a>\n  <\/h3>\n  <p>\n    A Michelin-rated restaurant that offers contemporary Spanish cuisine with a creative twist. It\u2019s a bit pricier but known for its exceptional quality and innovative dishes.\n    <br>\n    For more information \u27a1\ufe0f <b><a href=\"https:\/\/www.kavamarbella.com\" target=\"_blank\">Klicka h\u00e4r!<\/a><\/b>\n  <\/p>\n<\/div>\n\n<div class=\"restaurant\">\n  <h3 style=\"color: black;\">\n    <a href=\"https:\/\/www.amarehotels.com\" target=\"_blank\">Amare Beach<\/a>\n  <\/h3>\n  <p>\n    This trendy beach club combines delicious food with a vibrant atmosphere. Located on Paseo Alfonso Ca\u00f1as Nogueras, it\u2019s perfect for enjoying tapas and drinks by the sea.\n    <br>\n    For more information \u27a1\ufe0f <b><a href=\"https:\/\/www.amarehotels.com\" target=\"_blank\">Klicka h\u00e4r!<\/a><\/b>\n  <\/p>\n<\/div>\n\n<div class=\"restaurant\">\n  <h3 style=\"color: black;\">\n    <a href=\"https:\/\/www.tibubanus.com\" target=\"_blank\">TIBU<\/a>\n  <\/h3>\n  <p>\n    Known for its nightlife, TIBU in Puerto Ban\u00fas offers a rooftop restaurant with stunning views and a lively atmosphere. It\u2019s a great place for dinner and dancing under the stars.\n    <br>\n    For more information \u27a1\ufe0f <b><a href=\"https:\/\/www.tibubanus.com\" target=\"_blank\">Klicka h\u00e4r!<\/a><\/b>\n  <\/p>\n<\/div>\n\n<div class=\"restaurant\">\n  <h3 style=\"color: black;\">\n    <a href=\"https:\/\/www.buenosairessteakhouse.com\" target=\"_blank\">Buenos Aires Steak House<\/a>\n  <\/h3>\n  <p>\n    A top-rated steakhouse offering Argentine cuisine. Located in the heart of Marbella, it\u2019s known for its high-quality meat and cozy atmosphere.\n    <br>\n    For more information \u27a1\ufe0f <b><a href=\"https:\/\/www.buenosairessteakhouse.com\" target=\"_blank\">Klicka h\u00e4r!<\/a><\/b>\n  <\/p>\n<\/div>\n\n<div class=\"restaurant\">\n  <h3 style=\"color: black;\">\n    <a href=\"https:\/\/www.breathe.life\" target=\"_blank\">Andas<\/a>\n  <\/h3>\n  <p>\n    A stylish spot that focuses on Mediterranean and European fusion cuisine. It\u2019s not just about food, but also about a sustainable and eco-friendly dining experience.\n    <br>\n    For more information \u27a1\ufe0f <b><a href=\"https:\/\/www.breathe.life\" target=\"_blank\">Klicka h\u00e4r!<\/a><\/b>\n  <\/p>\n<\/div>\n\n<div class=\"restaurant\">\n  <h3 style=\"color: black;\">\n    <a href=\"https:\/\/dani-garcia.com\/en\/restaurant\/lobito-de-mar\" target=\"_blank\">Lobito de Mar<\/a>\n  <\/h3>\n  <p>\n    A vibrant seafood restaurant by chef Dani Garc\u00eda, offering a wide range of fresh seafood and rice dishes. Located in the heart of Marbella, it\u2019s perfect for seafood enthusiasts.\n    <br>\n    For more information \u27a1\ufe0f <b><a href=\"https:\/\/dani-garcia.com\/en\/restaurant\/lobito-de-mar\" target=\"_blank\">Klicka h\u00e4r!<\/a><\/b>\n  <\/p>\n<\/div>\n\n<div class=\"restaurant\">\n  <h3 style=\"color: black;\">\n    <a href=\"https:\/\/www.messinarestaurant.com\" target=\"_blank\">Messina<\/a>\n  <\/h3>\n  <p>\n    En restaurang med Michelinstj\u00e4rna som \u00e4r k\u00e4nd f\u00f6r sina kreativa och moderna r\u00e4tter. Kocken Mauricio Giovanini kombinerar lokala r\u00e5varor med innovativa tekniker f\u00f6r att skapa en unik matupplevelse.\n    <br>\n    For more information \u27a1\ufe0f <b><a href=\"https:\/\/www.messinarestaurant.com\" target=\"_blank\">Klicka h\u00e4r!<\/a><\/b>\n  <\/p>\n<\/div>\t\t\t\t<\/div>\n\t\t\t\t<\/div>\n\t\t\t\t\t<\/div>\n\t\t\t\t<\/div>\n\t\t\t\t\t<\/div>\n\t\t\t\t<\/div>\n\t\t\t\t<\/div>","protected":false},"excerpt":{"rendered":"<p>12 Must-Try Restaurants in Marbella Marbella is a paradise for culinary enthusiasts, attracting visitors eager to sample the finest local produce, authentic Spanish cuisine, and exquisite dining at Michelin-starred restaurants. Marbella offers it all for the discerning foodie. Embark on a culinary journey through Marbella&#8217;s top fine dining establishments. The area boasts an impressive array [&hellip;]<\/p>\n","protected":false},"author":6,"featured_media":1849,"parent":0,"menu_order":0,"comment_status":"closed","ping_status":"closed","template":"","meta":{"footnotes":"","_links_to":"","_links_to_target":""},"class_list":["post-1847","page","type-page","status-publish","has-post-thumbnail","hentry"],"_links":{"self":[{"href":"https:\/\/sunstars.es\/sv\/wp-json\/wp\/v2\/pages\/1847","targetHints":{"allow":["GET"]}}],"collection":[{"href":"https:\/\/sunstars.es\/sv\/wp-json\/wp\/v2\/pages"}],"about":[{"href":"https:\/\/sunstars.es\/sv\/wp-json\/wp\/v2\/types\/page"}],"author":[{"embeddable":true,"href":"https:\/\/sunstars.es\/sv\/wp-json\/wp\/v2\/users\/6"}],"replies":[{"embeddable":true,"href":"https:\/\/sunstars.es\/sv\/wp-json\/wp\/v2\/comments?post=1847"}],"version-history":[{"count":66,"href":"https:\/\/sunstars.es\/sv\/wp-json\/wp\/v2\/pages\/1847\/revisions"}],"predecessor-version":[{"id":2045,"href":"https:\/\/sunstars.es\/sv\/wp-json\/wp\/v2\/pages\/1847\/revisions\/2045"}],"wp:featuredmedia":[{"embeddable":true,"href":"https:\/\/sunstars.es\/sv\/wp-json\/wp\/v2\/media\/1849"}],"wp:attachment":[{"href":"https:\/\/sunstars.es\/sv\/wp-json\/wp\/v2\/media?parent=1847"}],"curies":[{"name":"wp","href":"https:\/\/api.w.org\/{rel}","templated":true}]}}