{"id":3,"date":"2020-10-28T15:33:58","date_gmt":"2020-10-28T15:33:58","guid":{"rendered":"https:\/\/sunstars.es\/?page_id=3"},"modified":"2024-04-15T15:10:06","modified_gmt":"2024-04-15T15:10:06","slug":"privacy-policy","status":"publish","type":"page","link":"https:\/\/sunstars.es\/sv\/privacy-policy\/","title":{"rendered":"Integritetspolicy"},"content":{"rendered":"<div data-elementor-type=\"wp-page\" data-elementor-id=\"3\" class=\"elementor elementor-3\" data-elementor-post-type=\"page\">\n\t\t\t\t\t\t<section class=\"elementor-section elementor-top-section elementor-element elementor-element-eea5c7f elementor-section-height-min-height elementor-section-boxed elementor-section-height-default elementor-section-items-middle\" data-id=\"eea5c7f\" data-element_type=\"section\" data-e-type=\"section\" data-settings=\"{&quot;background_background&quot;:&quot;classic&quot;}\">\n\t\t\t\t\t\t\t<div class=\"elementor-background-overlay\"><\/div>\n\t\t\t\t\t\t\t<div class=\"elementor-container elementor-column-gap-default\">\n\t\t\t\t\t<div class=\"elementor-column elementor-col-100 elementor-top-column elementor-element elementor-element-4e630a2\" data-id=\"4e630a2\" data-element_type=\"column\" data-e-type=\"column\">\n\t\t\t<div class=\"elementor-widget-wrap elementor-element-populated\">\n\t\t\t\t\t\t<div class=\"elementor-element elementor-element-a73e000 elementor-invisible elementor-widget elementor-widget-heading\" data-id=\"a73e000\" data-element_type=\"widget\" data-e-type=\"widget\" data-settings=\"{&quot;_animation&quot;:&quot;fadeInLeft&quot;}\" data-widget_type=\"heading.default\">\n\t\t\t\t<div class=\"elementor-widget-container\">\n\t\t\t\t\t<h2 class=\"elementor-heading-title elementor-size-default\">Integritetspolicy<\/h2>\t\t\t\t<\/div>\n\t\t\t\t<\/div>\n\t\t\t\t\t<\/div>\n\t\t<\/div>\n\t\t\t\t\t<\/div>\n\t\t<\/section>\n\t\t\t\t<section class=\"elementor-section elementor-top-section elementor-element elementor-element-a3f571a elementor-section-content-middle elementor-reverse-tablet elementor-section-boxed elementor-section-height-default elementor-section-height-default\" data-id=\"a3f571a\" data-element_type=\"section\" data-e-type=\"section\">\n\t\t\t\t\t\t<div class=\"elementor-container elementor-column-gap-default\">\n\t\t\t\t\t<div class=\"elementor-column elementor-col-100 elementor-top-column elementor-element elementor-element-bd05679\" data-id=\"bd05679\" data-element_type=\"column\" data-e-type=\"column\">\n\t\t\t<div class=\"elementor-widget-wrap elementor-element-populated\">\n\t\t\t\t\t\t<div class=\"elementor-element elementor-element-734f983 animated-slow elementor-invisible elementor-widget elementor-widget-text-editor\" data-id=\"734f983\" data-element_type=\"widget\" data-e-type=\"widget\" data-settings=\"{&quot;_animation&quot;:&quot;fadeInLeft&quot;}\" data-widget_type=\"text-editor.default\">\n\t\t\t\t<div class=\"elementor-widget-container\">\n\t\t\t\t\t\t\t\t\t<p style=\"text-align: left;\"><br>I enlighet med den informationsplikt som f\u00f6reskrivs i lag 34\/2002 om tj\u00e4nster i informationssamh\u00e4llet och elektronisk handel (LSSI-CE) av den 11 december juli, ges f\u00f6ljande allm\u00e4nna information om denna webbplats nedan:<\/p>\n<p>\u00c4gander\u00e4tten till denna webbplats, <span id=\"span_id_url_web\" class=\"encours\"><span class=\"variable_vide\">https:\/\/sunstars.es\/<\/span><\/span>, (nedan kallad Webbplatsen) innehas av : <span id=\"span_id_nombre_titular\"><span class=\"variable_vide\">Sunstars Rental And Property Management Sl.<\/span><\/span>, med NIF: <span id=\"span_id_nif_titular\"><span class=\"variable_vide\">B06855001<\/span><\/span>, och vars kontaktuppgifter \u00e4r<\/p>\n<p>\nCalle Cartuja (ur Nueva Andaluci), 17 &#8211; D 21 A,, Marbella, 29660 , Malaga<br>\ninfo@sunstars.es<br>+34 672 42 16 37\n<\/p>\n<h5><\/h5>\n<h5>Vilka personuppgifter vi samlar in och varf\u00f6r vi samlar in dem<\/h5>\nWe use information that we receive from our visitors\/customers. We use your information for as long as necessary to achieve the goal.\nTo meet the goals of our services, your personal information will be handled by us, but it may also be disclosed to, and processed by, our service providers, such as cloud providers or marketing partners such as newsletter providers. We may also disclose information to other related businesses such as \u201cGoogle Analytics\u201d, where information about your search behavior may be disclosed on the Website. This is only so that we can improve the experience on our website.\nFurthermore, your personal data may be disclosed if prescribed by law, regulation, or government decision\n\nWhat automated decision-making and\/or profile creation we do with our user data\nWhen you send a message or contact us through the website, the information in the contact form is sent to us, the information sent is used to be able to contact you and complete our goal with the information, which is to establish and\/or maintain a business relationship. When using forms on our website, your Remote IP will be sent with the form, this only to prevent spam\/harassment.\n<h5>Google Analytics<\/h5>\nVi anv\u00e4nder Google Analytics f\u00f6r att f\u00f6rb\u00e4ttra anv\u00e4ndarupplevelsen p\u00e5 webbplatsen. F\u00f6r att s\u00e4kerst\u00e4lla att vi f\u00f6ljer god hantering av personuppgifter har vi:\n<ul>\n \t<li>Aktiverade IP-anonymisering\/maskning.<\/li>\n \t<li>Delning av data f\u00f6r funktionshindrade<\/li>\n<\/ul>\n<h5>Cookie-filer<\/h5>\nIf you leave a comment on our website, you can choose to save your name, e-mail address, and website address in cookies. This is for your convenience so that you do not have to fill in this information again the next time you write a comment. These cookies are valid for one year.\nIf you have an account and log in to this website, we will create a temporary cookie file to check if your browser accepts cookies. This cookie does not contain any personally identifiable information and disappears when you close your browser.\nWhen you log in, we will also create several cookies to save information about your login and your choices for designing the screen layout. Login cookies are valid for two days and layout selection cookies are valid for one year. If you tick \u201cRemember me\u201d, your cookie will remain for two weeks. If you log out of your account, the login cookies will be deleted.\nIf you edit or publish an article, an additional cookie file will be saved in your browser. This cookie does not contain any personal information, but only indicates the post ID of the article you just edited. It is valid for 1 day.\n<h5>Vem har tillg\u00e5ng till dina uppgifter?<\/h5>\nVi s\u00e4ljer, byter eller \u00f6verf\u00f6r inte personligt identifierbar information till tredje part. Betrodda tredje parter som hj\u00e4lper oss att driva\/f\u00f6rb\u00e4ttra v\u00e5r verksamhet eller webbplats omfattas dock inte, med kravet att alla parter samtycker till att h\u00e5lla informationen konfidentiell.\n<h5>Hur vi skyddar din information<\/h5>\nOur website traffic is encrypted with an SSL certificate. Your personal data is protected behind secure networks and is only available to a limited number of people with special rights to these systems. The persons who handle personal data only have access to the information that is absolutely necessary for them to be able to perform their tasks. Should information be leaked, as a result of, for example, a data breach \u2013 it is our duty to inform those who may have had the information leaked.\n<h5>L\u00e4nkar till andra sidor (externa l\u00e4nkar)<\/h5>\nV\u00e5r webbplats kan inneh\u00e5lla l\u00e4nkar till andra webbplatser som inte drivs av oss. Om du klickar p\u00e5 en l\u00e4nk fr\u00e5n en tredje part kommer du att skickas till en tredje parts webbplats. Vi rekommenderar starkt att du granskar sekretesspolicyn f\u00f6r varje webbplats du bes\u00f6ker. Vi har ingen kontroll \u00f6ver och ansvarar inte f\u00f6r inneh\u00e5ll, personuppgifter eller praxis fr\u00e5n tredje parts webbplatser eller tj\u00e4nster.\nOm du vill veta mer om hur vi arbetar med personuppgifter, personlig integritet och vad som g\u00f6rs f\u00f6r att s\u00e4kerst\u00e4lla efterlevnad av GDPR, kontakta oss p\u00e5 <a href=\"mailto:info@sunstars.es\"><span class=\"elementor-icon-list-text\">info@sunstars.es<\/span><\/a>\t\t\t\t\t\t\t\t<\/div>\n\t\t\t\t<\/div>\n\t\t\t\t\t<\/div>\n\t\t<\/div>\n\t\t\t\t\t<\/div>\n\t\t<\/section>\n\t\t\t\t<\/div>","protected":false},"excerpt":{"rendered":"<p>Privacy Policy In compliance with the duty of information provided in Law 34\/2002 on Services of the Information Society and Electronic Commerce (LSSI-CE) of 11 December July, the following general information on this website is provided below: The ownership of this website, https:\/\/sunstars.es\/, (hereinafter, Website) is held by : Sunstars Rental And Property Management Sl., [&hellip;]<\/p>\n","protected":false},"author":1,"featured_media":0,"parent":0,"menu_order":6,"comment_status":"closed","ping_status":"closed","template":"","meta":{"footnotes":"","_links_to":"","_links_to_target":""},"class_list":["post-3","page","type-page","status-publish","hentry"],"_links":{"self":[{"href":"https:\/\/sunstars.es\/sv\/wp-json\/wp\/v2\/pages\/3","targetHints":{"allow":["GET"]}}],"collection":[{"href":"https:\/\/sunstars.es\/sv\/wp-json\/wp\/v2\/pages"}],"about":[{"href":"https:\/\/sunstars.es\/sv\/wp-json\/wp\/v2\/types\/page"}],"author":[{"embeddable":true,"href":"https:\/\/sunstars.es\/sv\/wp-json\/wp\/v2\/users\/1"}],"replies":[{"embeddable":true,"href":"https:\/\/sunstars.es\/sv\/wp-json\/wp\/v2\/comments?post=3"}],"version-history":[{"count":1,"href":"https:\/\/sunstars.es\/sv\/wp-json\/wp\/v2\/pages\/3\/revisions"}],"predecessor-version":[{"id":1378,"href":"https:\/\/sunstars.es\/sv\/wp-json\/wp\/v2\/pages\/3\/revisions\/1378"}],"wp:attachment":[{"href":"https:\/\/sunstars.es\/sv\/wp-json\/wp\/v2\/media?parent=3"}],"curies":[{"name":"wp","href":"https:\/\/api.w.org\/{rel}","templated":true}]}}